{"id":98,"date":"2025-08-19T13:17:32","date_gmt":"2025-08-19T13:17:32","guid":{"rendered":"https:\/\/edificio.297.studio\/?page_id=98"},"modified":"2025-09-23T14:46:17","modified_gmt":"2025-09-23T14:46:17","slug":"cookie-policy","status":"publish","type":"page","link":"https:\/\/edificio.297.studio\/en\/cookie-policy\/","title":{"rendered":"Cookies Policy"},"content":{"rendered":"<p>Esta Pol\u00edtica de Cookies (\"Pol\u00edtica\") explica c\u00f3mo se utilizan las cookies y tecnolog\u00edas similares en nuestro sitio web en cumplimiento de la Ley de Servicios de la Sociedad de la Informaci\u00f3n y Comercio Electr\u00f3nico.<\/p>\n\n\n\n<p><strong>\u00bfQu\u00e9 son las cookies?<\/strong><\/p>\n\n\n\n<p>Las cookies son peque\u00f1os archivos que se graban en el navegador utilizado por cada visitante de nuestra web, de manera que el servidor recuerda la visita de ese usuario en un momento posterior, cuando vuelva a acceder a nuestros contenidos. Esta informaci\u00f3n no revela su identidad ni dato personal alguno, ni accede al contenido almacenado en su pc, pero s\u00ed permite a nuestro sistema identificar al usuario como un usuario concreto que ha visitado nuestra web con anterioridad, as\u00ed como guardar sus preferencias e informaci\u00f3n t\u00e9cnica, como las visitas realizadas o las p\u00e1ginas concretas que ha visitado.<\/p>\n\n\n\n<p>El objetivo de esta pol\u00edtica de cookies es informar de manera clara y precisa sobre las cookies que se utilizan en nuestro Sitio Web (la \"Pol\u00edtica de Cookies\"). Respecto a las cookies de terceros, es decir, aquellas que son ajenas a nuestro Sitio Web, no podemos hacernos responsables del contenido y veracidad de las pol\u00edticas de privacidad que \u00e9stos incluyan, por lo que la informaci\u00f3n que le ofrecemos es siempre con referencia a la fuente, la cual le recomendamos consultar para cada cookie con el fin de obtener m\u00e1s informaci\u00f3n.<\/p>\n\n\n\n<p>Es posible que actualicemos la Pol\u00edtica de Cookies de nuestro Sitio Web, por ello le recomendamos revisar esta pol\u00edtica cada vez que acceda a nuestro Sitio Web con el objetivo de estar adecuadamente informado sobre c\u00f3mo y para qu\u00e9 usamos las cookies.<\/p>\n\n\n\n<p><strong>\u00bfQu\u00e9 tipos de cookies existen?<\/strong><\/p>\n\n\n\n<p>Las cookies se clasifican a continuaci\u00f3n seg\u00fan una serie de categor\u00edas. No obstante, es necesario tener en cuenta que una misma cookie puede estar incluida en m\u00e1s de una categor\u00eda.<\/p>\n\n\n\n<p>Tipos de cookies seg\u00fan la entidad que las gestiona<\/p>\n\n\n\n<p><strong>Cookies de origen<\/strong>: Son aquellas que se env\u00edan al equipo terminal del usuario desde un equipo o dominio gestionado por el propio editor y desde el que se presta el servicio solicitado por el usuario.<\/p>\n\n\n\n<p><strong>Cookies de terceros<\/strong>: Son aquellas que se env\u00edan al equipo terminal del usuario desde un equipo o dominio que no es gestionado por el editor, sino por otra entidad que trata los datos.<\/p>\n\n\n\n<p>Tipos de cookies seg\u00fan el plazo de conservaci\u00f3n<\/p>\n\n\n\n<p><strong>Cookies de sesi\u00f3n<\/strong>: Son un tipo de cookies dise\u00f1adas para recabar y almacenar datos mientras el usuario accede a una p\u00e1gina web.<\/p>\n\n\n\n<p><strong>Cookies persistentes<\/strong>: Son un tipo de cookies en el que los datos siguen almacenados en el terminal y pueden ser accedidos y tratados durante un periodo definido por el responsable de la cookie, y que puede ir de unos minutos a varios a\u00f1os.<\/p>\n\n\n\n<p>Tipos de cookies seg\u00fan su finalidad<\/p>\n\n\n\n<p><strong>Cookies t\u00e9cnicas<\/strong>: Son aquellas que permiten al usuario la navegaci\u00f3n a trav\u00e9s de una p\u00e1gina web, plataforma o aplicaci\u00f3n y la utilizaci\u00f3n de las diferentes opciones o servicios que en ella existan como, por ejemplo, controlar el tr\u00e1fico y la comunicaci\u00f3n de datos, identificar la sesi\u00f3n, acceder a partes de acceso restringido, recordar los elementos que integran un pedido, realizar el proceso de compra de un pedido, realizar la solicitud de inscripci\u00f3n o participaci\u00f3n en un evento, utilizar elementos de seguridad durante la navegaci\u00f3n, almacenar contenidos para la difusi\u00f3n de videos o sonido o compartir contenidos a trav\u00e9s de redes sociales.<\/p>\n\n\n\n<p><strong>Cookies de personalizaci\u00f3n<\/strong>: Son aquellas que permiten al usuario acceder al servicio con algunas caracter\u00edsticas de car\u00e1cter general predefinidas en funci\u00f3n de una serie de criterios en el terminal del usuario como por ejemplo serian el idioma, el tipo de navegador a trav\u00e9s del cual accede al servicio, la configuraci\u00f3n regional desde donde accede al servicio, etc.<\/p>\n\n\n\n<p><strong>Cookies publicitarias<\/strong>: Son aquellas que permiten la gesti\u00f3n, de la forma m\u00e1s eficaz posible, de los espacios publicitarios que, en su caso, el editor haya incluido en una p\u00e1gina web, aplicaci\u00f3n o plataforma desde la que presta el servicio solicitado en base a criterios como el contenido editado o la frecuencia en la que se muestran los anuncios.<\/p>\n\n\n\n<p><strong>Cookies de publicidad comportamental<\/strong>: Estas cookies permiten la gesti\u00f3n, de la forma m\u00e1s eficaz posible, de los espacios publicitarios que, en su caso, el editor haya incluido en una p\u00e1gina web, aplicaci\u00f3n o plataforma desde la que presta el servicio solicitado. Estas cookies almacenan informaci\u00f3n del comportamiento de los usuarios obtenida a trav\u00e9s de la observaci\u00f3n continuada de sus h\u00e1bitos de navegaci\u00f3n, lo que permite desarrollar un perfil espec\u00edfico para mostrar publicidad en funci\u00f3n del mismo.<\/p>\n\n\n\n<p><strong>Cookies de an\u00e1lisis<\/strong>: Estas cookies permiten al responsable de las mismas el seguimiento y an\u00e1lisis del comportamiento de los usuarios de los sitios web a los que est\u00e1n vinculadas. La informaci\u00f3n recogida mediante este tipo de cookies se utiliza en la medici\u00f3n de la actividad de los sitios web, aplicaci\u00f3n o plataforma y para la elaboraci\u00f3n de perfiles de navegaci\u00f3n de los usuarios de dichos sitios, aplicaciones y plataformas, con el fin de introducir mejoras en funci\u00f3n del an\u00e1lisis de los datos de uso que hacen los usuarios del servicio.<\/p>\n\n\n\n<p>En cuanto al tratamiento de los datos recabados a trav\u00e9s de cookies anal\u00edticas, aunque no est\u00e1n exentas del deber de obtener el consentimiento informado para su uso, es poco probable que representen un riesgo para la privacidad de los usuarios siempre que se trate de cookies de origen, que traten datos agregados con fines estrictamente estad\u00edsticos, que se facilite informaci\u00f3n sobre su uso y que incluyan la posibilidad de que los usuarios manifiesten su negativa sobre su utilizaci\u00f3n.<\/p>\n\n\n\n<p>En nuestra web utilizamos cookies propias, que gestionamos directamente desde nuestros servidores, y cookies de terceros, que son enviadas a su ordenador desde un dominio ajeno a EDIFICIO.297.STUDIO. En el caso de utilizar este \u00faltimo tipo de cookies (de terceros), siempre nos aseguramos de que su \u00fanica finalidad sea t\u00e9cnica y nunca de recogida de datos. Si en alg\u00fan momento alguno de estos terceros decide cambiar la finalidad de sus cookies y empezar a recopilar datos, las eliminaremos de nuestro sitio web en cuanto tengamos conocimiento de ello. Si esto ocurre y tiene conocimiento de ello, rogamos que nos lo comunique para que podamos eliminarlas.<\/p>\n\n\n\n<p><strong>Cookies que pueden cargarse desde nuestro sitio web<\/strong><\/p>\n\n\n\n<p>En cumplimiento de la Directiva 2009\/136\/CE, transpuesta a nuestra legislaci\u00f3n por el apartado segundo del art\u00edculo 22 de la Ley de Servicios de la Sociedad de la Informaci\u00f3n, siguiendo las directrices de la Agencia Espa\u00f1ola de Protecci\u00f3n de Datos, procedemos a informarle detalladamente del uso que se hace de nuestra p\u00e1gina web. En funci\u00f3n de su navegaci\u00f3n, de la configuraci\u00f3n y\/o extensiones de su navegador y de su aceptaci\u00f3n o rechazo de las mismas, es posible que se instalen todas o s\u00f3lo algunas de ellas.<\/p>\n\n\n\n<p><strong>Necesario<\/strong><\/p>\n\n\n\n<figure class=\"wp-block-table\"><table class=\"has-fixed-layout\"><thead><tr><td><strong>Id<\/strong><\/td><td><strong>Duraci\u00f3n<\/strong><\/td><td><strong>Descripci\u00f3n<\/strong><\/td><\/tr><\/thead><tbody><tr><td>cmplz_policy_id<\/td><td>1 a\u00f1o<\/td><td>Complianz establece esta cookie para realizar un seguimiento de los ID de pol\u00edtica de cookies aceptados.<\/td><\/tr><tr><td>csrftoken<\/td><td>1 a\u00f1o<\/td><td>Esta cookie est\u00e1 asociada a la plataforma de desarrollo web Django para python. Se utiliza para ayudar a proteger el sitio web contra ataques de falsificaci\u00f3n de solicitud de sitios cruzados (Cross-Site Request Forgery)<\/td><\/tr><\/tbody><\/table><\/figure>\n\n\n\n<p><strong>Anuncio<\/strong><\/p>\n\n\n\n<figure class=\"wp-block-table\"><table class=\"has-fixed-layout\"><thead><tr><td><strong>Id<\/strong><\/td><td><strong>&nbsp;<\/strong> <strong>Duraci\u00f3n<\/strong><\/td><td><strong>Descripci\u00f3n<\/strong><\/td><\/tr><\/thead><tbody><tr><td>YSC<\/td><td>sesi\u00f3n<\/td><td>Youtube establece esta cookie para realizar un seguimiento de las visualizaciones de los v\u00eddeos incrustados en las p\u00e1ginas de Youtube.<\/td><\/tr><tr><td>VISITOR_INFO1_LIVE<\/td><td>6 meses<\/td><td>Youtube establece esta cookie para medir el ancho de banda, determinando si el usuario obtiene la nueva o la antigua interfaz del reproductor.<\/td><\/tr><tr><td>VISITOR_PRIVACY_METADATA<\/td><td>6 meses<\/td><td>YouTube establece esta cookie para almacenar el estado de consentimiento de cookies del usuario para el dominio actual.<\/td><\/tr><tr><td>VISITOR_INFO1_LIVE<\/td><td>5 meses 27 d\u00edas<\/td><td>YouTube establece esta cookie para medir el ancho de banda, determinando si el usuario obtiene la nueva o la antigua interfaz del reproductor.<\/td><\/tr><tr><td>yt-remote-device-id<\/td><td>nunca<\/td><td>YouTube establece esta cookie para almacenar las preferencias de v\u00eddeo del usuario que utiliza v\u00eddeos incrustados de YouTube.<\/td><\/tr><tr><td>yt-remote-connected-devices<\/td><td>nunca<\/td><td>YouTube establece esta cookie para almacenar las preferencias de v\u00eddeo del usuario utilizando v\u00eddeos incrustados de YouTube.<\/td><\/tr><\/tbody><\/table><\/figure>\n\n\n\n<p><strong>Anal\u00edtica<\/strong><\/p>\n\n\n\n<figure class=\"wp-block-table\"><table class=\"has-fixed-layout\"><thead><tr><td><strong>Id<\/strong><\/td><td><strong>&nbsp;<\/strong> <strong>Duraci\u00f3n<\/strong><\/td><td><strong>Descripci\u00f3n<\/strong><\/td><\/tr><\/thead><tbody><tr><td>_ga_*<\/td><td>1 a\u00f1o 1 mes 4 d\u00edas<\/td><td>Google Analytics establece esta cookie para almacenar y contar las p\u00e1ginas vistas.<\/td><\/tr><tr><td>_ga<\/td><td>1 a\u00f1o 1 mes 4 d\u00edas<\/td><td>Google Analytics establece esta cookie para calcular los datos de visitantes, sesiones y campa\u00f1as y realizar un seguimiento del uso del sitio para el informe de an\u00e1lisis del sitio. La cookie almacena la informaci\u00f3n de forma an\u00f3nima y asigna un n\u00famero generado aleatoriamente para reconocer a los visitantes \u00fanicos.<\/td><\/tr><\/tbody><\/table><\/figure>\n\n\n\n<p>La aceptaci\u00f3n por parte del usuario (haciendo clic en el bot\u00f3n \"Aceptar\" que aparece en la informaci\u00f3n inicial sobre cookies) implica que est\u00e1 dando su consentimiento expreso a edificio.297.studio para su uso, pudiendo ejercer sus derechos y revocar su consentimiento en cualquier momento, enviando una solicitud a la direcci\u00f3n de correo electr\u00f3nico: &nbsp;<a href=\"mailto:privacy@the297.com\">privacy@the297.com<\/a><\/p>\n\n\n\n<p><strong>C\u00f3mo configurar su navegador para la instalaci\u00f3n de cookies<\/strong><\/p>\n\n\n\n<p>Actualmente, la mayor\u00eda de los navegadores est\u00e1n configurados por defecto para bloquear la instalaci\u00f3n de cookies publicitarias o de terceros en su ordenador, especialmente las \u00faltimas versiones de Firefox. El usuario puede ampliar las restricciones de origen, impidiendo la entrada de cualquier tipo de cookie, o eliminar estas restricciones, aceptando la entrada de cualquier tipo de cookies. Si est\u00e1 interesado en aceptar cookies publicitarias o de terceros, puede configurar su navegador en consecuencia.<\/p>\n\n\n\n<p>Si no desea que las cookies se almacenen en su navegador o prefiere recibir informaci\u00f3n cada vez que una cookie solicite instalarse, puede configurar sus opciones de navegaci\u00f3n para ello. La mayor\u00eda de los navegadores permiten gestionar las cookies de 3 formas diferentes:<\/p>\n\n\n\n<ul class=\"wp-block-list\">\n<li>Las cookies se aceptan siempre<\/li>\n\n\n\n<li>Las cookies se rechazan siempre<\/li>\n\n\n\n<li>El navegador pregunta al usuario si desea instalar cada cookie.<\/li>\n<\/ul>\n\n\n\n<p>El navegador tambi\u00e9n puede incluir la posibilidad de seleccionar detalladamente qu\u00e9 cookies desea que se instalen en su ordenador. En concreto, el usuario puede normalmente aceptar una de las siguientes opciones:<\/p>\n\n\n\n<ul class=\"wp-block-list\">\n<li>Rechazar las cookies de terceros<\/li>\n\n\n\n<li>Rechazar las cookies de determinados dominios (por ejemplo, Google, Facebook, etc.)<\/li>\n\n\n\n<li>Aceptar las cookies como no persistentes (se eliminan cuando se cierra el navegador).<\/li>\n<\/ul>\n\n\n\n<p>Puede encontrar informaci\u00f3n sobre c\u00f3mo configurar los navegadores m\u00e1s utilizados en las siguientes direcciones:<\/p>\n\n\n\n<p>- Internet Explorer: Herramientas &gt; Opciones de Internet &gt; Privacidad &gt; Configuraci\u00f3n. Para m\u00e1s informaci\u00f3n, puede consultar el soporte de Microsoft o la Ayuda del navegador.<\/p>\n\n\n\n<p>- Firefox: Herramientas &gt; Opciones &gt; Privacidad &gt; Historial &gt; Configuraci\u00f3n personalizada. Para m\u00e1s informaci\u00f3n, puede consultar el soporte de Mozilla o la Ayuda del navegador.<\/p>\n\n\n\n<p>- Chrome: Configuraci\u00f3n &gt; Mostrar opciones avanzadas &gt; Privacidad &gt; Privacidad &gt; Configuraci\u00f3n de contenido. Para m\u00e1s informaci\u00f3n, puede consultar el soporte de Google o la Ayuda del navegador.<\/p>\n\n\n\n<p>- Safari: Preferencias &gt; Seguridad. Para m\u00e1s informaci\u00f3n, puede consultar el soporte de Apple o la Ayuda del navegador.<\/p>","protected":false},"excerpt":{"rendered":"<p>Esta Pol\u00edtica de Cookies (\"Pol\u00edtica\") explica c\u00f3mo se utilizan las cookies y tecnolog\u00edas similares en nuestro sitio web en cumplimiento de la Ley de Servicios de la Sociedad de la Informaci\u00f3n y Comercio Electr\u00f3nico. \u00bfQu\u00e9 son las cookies? Las cookies son peque\u00f1os archivos que se graban en el navegador utilizado por cada visitante de nuestra [&hellip;]<\/p>\n","protected":false},"author":2,"featured_media":0,"parent":0,"menu_order":0,"comment_status":"closed","ping_status":"closed","template":"","meta":{"footnotes":""},"class_list":["post-98","page","type-page","status-publish","hentry"],"_links":{"self":[{"href":"https:\/\/edificio.297.studio\/en\/wp-json\/wp\/v2\/pages\/98","targetHints":{"allow":["GET"]}}],"collection":[{"href":"https:\/\/edificio.297.studio\/en\/wp-json\/wp\/v2\/pages"}],"about":[{"href":"https:\/\/edificio.297.studio\/en\/wp-json\/wp\/v2\/types\/page"}],"author":[{"embeddable":true,"href":"https:\/\/edificio.297.studio\/en\/wp-json\/wp\/v2\/users\/2"}],"replies":[{"embeddable":true,"href":"https:\/\/edificio.297.studio\/en\/wp-json\/wp\/v2\/comments?post=98"}],"version-history":[{"count":5,"href":"https:\/\/edificio.297.studio\/en\/wp-json\/wp\/v2\/pages\/98\/revisions"}],"predecessor-version":[{"id":139,"href":"https:\/\/edificio.297.studio\/en\/wp-json\/wp\/v2\/pages\/98\/revisions\/139"}],"wp:attachment":[{"href":"https:\/\/edificio.297.studio\/en\/wp-json\/wp\/v2\/media?parent=98"}],"curies":[{"name":"wp","href":"https:\/\/api.w.org\/{rel}","templated":true}]}}