{"id":3,"date":"2025-08-19T13:17:33","date_gmt":"2025-08-19T13:17:33","guid":{"rendered":"https:\/\/edificio.297.studio\/?page_id=3"},"modified":"2025-09-23T14:45:33","modified_gmt":"2025-09-23T14:45:33","slug":"privacy-policy","status":"publish","type":"page","link":"https:\/\/edificio.297.studio\/en\/privacy-policy\/","title":{"rendered":"Privacy Policy"},"content":{"rendered":"<p>EDIFICIO.297.STUDIO ofrece a sus clientes el alquiler de un plat\u00f3 profesional insonorizado (los \"Servicios\").<\/p>\n\n\n\n<p>Nos tomamos muy en serio los intereses de privacidad y las elecciones de los individuos cuya informaci\u00f3n manejamos y mantenemos en nuestra base de datos. Esta Pol\u00edtica de Privacidad describe c\u00f3mo recogemos, utilizamos y gestionamos la informaci\u00f3n, y qu\u00e9 derechos tienen los consumidores para controlar c\u00f3mo se utiliza su informaci\u00f3n en la comercializaci\u00f3n.<\/p>\n\n\n\n<p><em>1. Informaci\u00f3n recopilada<\/em><em><\/em><\/p>\n\n\n\n<p>EDIFICIO.297.STUDIO puede recopilar informaci\u00f3n de los usuarios de nuestro(s) sitio(s) web (incluyendo cualquier p\u00e1gina en la que se publique esta Pol\u00edtica de Privacidad), incluyendo:<\/p>\n\n\n\n<ul class=\"wp-block-list\">\n<li>El nombre de dominio y la direcci\u00f3n IP del navegador web de un usuario, junto con una marca de tiempo y otra informaci\u00f3n sobre el navegador o dispositivo del usuario que son datos an\u00f3nimos.<\/li>\n\n\n\n<li>Informaci\u00f3n sobre el contenido y las p\u00e1ginas a las que los usuarios acceden, utilizan o visitan en nuestro sitio web, o sobre c\u00f3mo interact\u00faan con nuestro contenido; por ejemplo, si dedicaron cierto tiempo a revisar una entrada concreta del blog o una descripci\u00f3n de determinados servicios.<\/li>\n\n\n\n<li>Informaci\u00f3n, incluida la informaci\u00f3n de identificaci\u00f3n personal y de contacto que nos facilite, que podr\u00eda incluir (por ejemplo) informaci\u00f3n de encuestas, informaci\u00f3n de inscripci\u00f3n (por ejemplo, si se inscribe en eventos o boletines informativos), solicitudes de informaci\u00f3n, direcciones postales y direcciones de correo electr\u00f3nico, con el consentimiento expreso del interesado haciendo clic en la casilla de verificaci\u00f3n.<\/li>\n<\/ul>\n\n\n\n<p><em>2.Uso interno de la informaci\u00f3n que recopila EDIFICIO.297.STUDIO a trav\u00e9s de nuestro sitio web<\/em><\/p>\n\n\n\n<p>Utilizamos la Informaci\u00f3n que recopilamos a trav\u00e9s de nuestro(s) sitio(s) web para lo siguiente:<\/p>\n\n\n\n<ul class=\"wp-block-list\">\n<li>Prestar servicios.<\/li>\n<\/ul>\n\n\n\n<ul class=\"wp-block-list\">\n<li>Responder y comunicarnos con el usuario (incluso en relaci\u00f3n con noticias y actualizaciones sobre nuestros servicios).<\/li>\n\n\n\n<li>Enviar al usuario ofertas y anuncios de nuestros productos y servicios cuando navegue por el sitio web, si el usuario ha dado su consentimiento para ello.<\/li>\n<\/ul>\n\n\n\n<p><em>3.Protecci\u00f3n y control de la informaci\u00f3n que recopila EDIFICIO. 297.STUDIO<\/em><\/p>\n\n\n\n<p>En ocasiones podremos compartir o divulgar de cualquier otro modo la Informaci\u00f3n que recopilemos sobre el usuario, tal y como se describe en la presente Pol\u00edtica de Privacidad o se le comunique de cualquier otro modo cuando nos facilite la informaci\u00f3n, incluyendo lo siguiente:<\/p>\n\n\n\n<ul class=\"wp-block-list\">\n<li>Podremos compartir la Informaci\u00f3n para comunicarnos y comercializar con el usuario, incluso por correo electr\u00f3nico, correo directo o tel\u00e9fono seg\u00fan el consentimiento otorgado.<\/li>\n\n\n\n<li>Cumpliremos con las obligaciones legales de revelaci\u00f3n de informaci\u00f3n cuando as\u00ed nos lo exija la ley, un reglamento u otra autoridad gubernamental competente, o cuando sea necesario para proteger los derechos, la seguridad o la propiedad de EDIFICIO.297.STUDIO o de cualquier persona o entidad. En caso de investigaciones oficiales por parte de organismos encargados de hacer cumplir la ley, podremos proporcionar la Informaci\u00f3n requerida \u00fanicamente en cumplimiento de dichas obligaciones legales.<\/li>\n<\/ul>\n\n\n\n<p><em>4. Protecci\u00f3n y limitaciones en el intercambio de informaci\u00f3n con terceros<\/em><\/p>\n\n\n\n<p>EDIFICIO.297.STUDIO compartir\u00e1 la informaci\u00f3n \u00fanicamente con el consentimiento previo del interesado para los fines espec\u00edficos enumerados.<\/p>\n\n\n\n<p>Seg\u00fan lo exija la ley o para proteger a cualquier persona o entidad: EDIFICIO.297.STUDIO podr\u00e1 revelar informaci\u00f3n si considera que dicha revelaci\u00f3n es necesaria para (a) cumplir de buena fe con las leyes pertinentes o para responder a citaciones u \u00f3rdenes judiciales que nos sean notificadas; o (b) para proteger o defender de cualquier otra forma los derechos, la propiedad o la seguridad de EDIFICIO.297.STUDIO, nuestros clientes o cualquier otra persona o entidad.<\/p>\n\n\n\n<p><em>5. Derechos y proceso de consulta del usuario<\/em><\/p>\n\n\n\n<p>El reglamento de protecci\u00f3n de datos proporciona a las personas sus derechos en relaci\u00f3n con el tratamiento de su informaci\u00f3n personal.<\/p>\n\n\n\n<p>Estos derechos se enumeran en el reglamento del art\u00edculo 16 al art\u00edculo 20. Estos son los pasos que pueden ayudar a aplicar los derechos del usuario en relaci\u00f3n con sus datos personales.<\/p>\n\n\n\n<p>- Exclusi\u00f3n voluntaria \/ Retirada del consentimiento<\/p>\n\n\n\n<p>El usuario puede retirar su consentimiento y darse de baja de nuestra base de datos en cualquier momento mediante cualquiera de los siguientes m\u00e9todos: (a) haciendo clic en el enlace \"Opt-out\" disponible en nuestra p\u00e1gina web; (b) contactando directamente con EDIFICIO.297.STUDIO en la direcci\u00f3n de correo electr\u00f3nico privacy@the297.com; o (c) utilizando el enlace de baja incluido en nuestros correos electr\u00f3nicos de marketing. Al retirar su consentimiento, tambi\u00e9n se dar\u00e1 de baja de las bases de datos de nuestros clientes a los que hayamos transferido su informaci\u00f3n con su consentimiento previo.<\/p>\n\n\n\n<p>- Eliminaci\u00f3n<\/p>\n\n\n\n<p>En cualquier momento el usuario tiene derecho a solicitar la eliminaci\u00f3n de su Informaci\u00f3n Personal (sujeta a ciertas condiciones).<\/p>\n\n\n\n<p>- Modificaci\u00f3n \/ Rectificaci\u00f3n<\/p>\n\n\n\n<p>El usuario puede modificar o rectificar cualquiera de los datos que hayamos recopilado enviando un correo electr\u00f3nico a EDIFICIO.297.STUDIO a la siguiente direcci\u00f3n de correo electr\u00f3nico: privacy@the297.com.<\/p>\n\n\n\n<p>- Derecho de acceso a la informaci\u00f3n del usuario<\/p>\n\n\n\n<p>El usuario tiene derecho a solicitar informaci\u00f3n sobre c\u00f3mo recopilamos y utilizamos sus datos personales, as\u00ed como a conocer qu\u00e9 informaci\u00f3n personal tiene EDIFICIO.297.STUDIO. Para ejercer este derecho, el usuario puede contactarnos a trav\u00e9s del correo electr\u00f3nico <a href=\"mailto:privacy@the297.com\">privacy@the297.com<\/a>.<\/p>\n\n\n\n<p>- Derecho a restringir el uso de informaci\u00f3n del usuario<\/p>\n\n\n\n<p>En cualquier momento, el usuario puede restringir el uso de una parte o de toda la informaci\u00f3n que se haya recopilado. Podr\u00e1 restringir el uso poni\u00e9ndose en contacto con el RPD por correo electr\u00f3nico: <a href=\"mailto:privacy@the297.com\">privacy@the297.com<\/a>.&nbsp;<\/p>\n\n\n\n<p>-Portabilidad<\/p>\n\n\n\n<p>El usuario tiene derecho a recibir la informaci\u00f3n personal, que nos ha proporcionado, en un formato estructurado, de uso com\u00fan y legible, as\u00ed como que dicha informaci\u00f3n se transmita a otra organizaci\u00f3n en determinadas circunstancias.<\/p>\n\n\n\n<p>Si el usuario necesita ayuda al respecto, puede ponerse en contacto con EDIFICIO.297.STUDIO en la direcci\u00f3n de correo electr\u00f3nico: privacy@the297.com o puede escribirnos a EDIFICIO.297.STUDIO., C\/ Arroyo del Soto,2,28914, Legan\u00e9s, Madrid. Si el usuario tiene alguna queja sobre nuestro cumplimiento de esta pol\u00edtica de privacidad, puede ponerse en contacto con nosotros. Investigaremos e intentaremos resolver las quejas y disputas relativas al uso o divulgaci\u00f3n de informaci\u00f3n personal de acuerdo con el GDPR.<\/p>\n\n\n\n<p>Tambi\u00e9n tiene derecho a presentar una queja directamente ante cualquier Autoridad de Supervisi\u00f3n local sobre c\u00f3mo recopilamos y procesamos sus datos.<\/p>\n\n\n\n<p><em>6. Conservaci\u00f3n de datos personales<\/em><\/p>\n\n\n\n<p>EDIFICIO.297.STUDIO conservar\u00e1 los datos personales recogidos durante el per\u00edodo necesario para cumplir con el prop\u00f3sito. A menos que el reglamento europeo de protecci\u00f3n de datos exija o permita un periodo de conservaci\u00f3n m\u00e1s largo. Los datos personales que no se utilicen para ning\u00fan fin se eliminar\u00e1n.<\/p>\n\n\n\n<p><em>7. Seguridad e integridad de los datos<\/em><\/p>\n\n\n\n<p>EDIFICIO.297.STUDIO toma medidas para garantizar que los datos que poseemos se alojan y transmiten de forma segura. Esto puede incluir varios tipos de seguridad f\u00edsica y electr\u00f3nica, incluyendo protecciones de cortafuegos, encriptaci\u00f3n, hashing o truncamiento de datos y controles de acceso a la informaci\u00f3n personal. Aunque ni nosotros ni ninguna plataforma puede garantizar al 100% la seguridad frente a hackeos o intrusiones ilegales, empleamos esfuerzos que est\u00e1n dise\u00f1ados para asegurar que esto no ocurra.<\/p>\n\n\n\n<p>EDIFICIO.297.STUDIO adopta todas las medidas razonables para proteger su informaci\u00f3n personal contra el uso indebido, la manipulaci\u00f3n y la p\u00e9rdida, as\u00ed como contra el acceso, la alteraci\u00f3n o la divulgaci\u00f3n no autorizados. Para ello, utilizamos, entre otras, las siguientes opciones:<\/p>\n\n\n\n<ul class=\"wp-block-list\">\n<li>Uso de encriptaci\u00f3n al recopilar y transmitir datos,<\/li>\n\n\n\n<li>Medidas t\u00e9cnicas y organizativas para garantizar la integridad, disponibilidad y fiabilidad permanentes de los sistemas y servicios de tratamiento,<\/li>\n\n\n\n<li>Restricci\u00f3n del acceso f\u00edsico a nuestras instalaciones,<\/li>\n\n\n\n<li>Restricci\u00f3n del acceso a los datos que recopilamos sobre usted,<\/li>\n\n\n\n<li>La garant\u00eda de que tanto nosotros como nuestros socios comerciales disponemos de las salvaguardias adecuadas para garantizar la seguridad de datos personales del usuario y,<\/li>\n\n\n\n<li>Si lo exige la ley, la eliminaci\u00f3n o anonimizaci\u00f3n de los datos personales.<\/li>\n<\/ul>\n\n\n\n<p><em>8. Transferencia de datos<\/em><\/p>\n\n\n\n<p>EDIFICIO.297.STUDIO podr\u00e1 transferir los datos personales del usuario a otras filiales y\/o socios comerciales seg\u00fan sea necesario para los fines descritos en la presente Pol\u00edtica de Privacidad.<\/p>\n\n\n\n<p>En determinadas circunstancias, los datos personales del usuario pueden transferirse a pa\u00edses fuera del pa\u00eds o regi\u00f3n de origen del usuario, incluidos pa\u00edses fuera del Espacio Econ\u00f3mico Europeo si el usuario reside all\u00ed, que pueden tener normas de protecci\u00f3n de datos diferentes a las del pa\u00eds de origen del usuario. Estos pa\u00edses incluyen, entre otros, Estados Unidos y otros pa\u00edses en los que EDIFICIO.297.STUDIO o sus filiales, afiliados o socios comerciales tengan sedes. Para garantizar que los datos personales del usuario est\u00e1n adecuadamente protegidos cuando se transmiten, tenemos acuerdos contractuales (en la medida necesaria) para dichas transferencias con nuestras filiales, afiliados y socios comerciales. Tomamos todas las medidas t\u00e9cnicas y organizativas razonables para proteger los datos personales que transmitimos.<\/p>\n\n\n\n<p><em>9. Cambios en esta pol\u00edtica de privacidad<\/em><\/p>\n\n\n\n<p>Podemos actualizar esta Pol\u00edtica de Privacidad. Cualquier cambio en la misma entrar\u00e1 en vigor cuando se publique en la p\u00e1gina web de EDIFICIO.297.STUDIO, a menos que indiquemos una fecha de entrada en vigor posterior. Se recomienda al usuario revisar peri\u00f3dicamente para conocer cualquier cambio en esta Pol\u00edtica de Privacidad.<\/p>\n\n\n\n<p><em>10. Seguridad<\/em><\/p>\n\n\n\n<p>Contamos con una pol\u00edtica de seguridad de la informaci\u00f3n dise\u00f1ada para proteger los Datos Personales de la p\u00e9rdida, el uso indebido, el acceso no autorizado, la divulgaci\u00f3n, la alteraci\u00f3n y la destrucci\u00f3n. Nuestro jefe de Seguridad de la Informaci\u00f3n es el principal responsable de llevar a cabo investigaciones sobre cualquier presunta infracci\u00f3n, incidente o problema inform\u00e1tico o de red y de garantizar que se tomen las medidas disciplinarias adecuadas contra aquellos que infrinjan nuestra Pol\u00edtica de Seguridad de la Informaci\u00f3n.<\/p>\n\n\n\n<p><em>11. Privacidad de los ni\u00f1os<\/em><\/p>\n\n\n\n<p>Nuestro sitio web no est\u00e1 destinado a menores de 16 a\u00f1os. Ning\u00fan menor de 16 a\u00f1os puede proporcionar informaci\u00f3n alguna al Sitio Web o en el mismo. No recopilamos conscientemente informaci\u00f3n personal de menores de 16 a\u00f1os. Si el usuario tiene menos de 16 a\u00f1os, no debe utilizar ni facilitar informaci\u00f3n alguna en este sitio web ni en ninguna de sus funciones ni a trav\u00e9s de ellas. Si nos enteramos de que hemos recopilado o recibido informaci\u00f3n personal de un menor de 16 a\u00f1os sin la verificaci\u00f3n del consentimiento paterno, eliminaremos dicha informaci\u00f3n. Si el usuario cree que podemos tener informaci\u00f3n de o sobre un menor de 16 a\u00f1os, puede ponerse en contacto con nosotros en <a href=\"mailto:privacy@the297.com\">privacy@the297.com<\/a><\/p>\n\n\n\n<p>12. Contacto<\/p>\n\n\n\n<p>EDIFICIO.297.STUDIO cuenta con un contacto designado en materia de privacidad. Si tiene alguna pregunta relacionada con esta pol\u00edtica de privacidad, o sobre nuestros productos o servicios, p\u00f3ngase en contacto con nosotros:<\/p>\n\n\n\n<ul class=\"wp-block-list\">\n<li>Attn: Responsable de privacidad<\/li>\n\n\n\n<li><a>EDIFICIO.297.STUDIO<\/a><\/li>\n\n\n\n<li>\u00a0Correo electr\u00f3nico: <a href=\"mailto:privacy@the297.com\">privacy@the297.com<\/a><\/li>\n<\/ul>\n\n\n\n<p>Agradecemos sus comentarios y preguntas sobre las pr\u00e1cticas de privacidad de EDIFICIO.297.STUDIO pr\u00e1cticas de privacidad.<\/p>","protected":false},"excerpt":{"rendered":"<p>EDIFICIO.297.STUDIO ofrece a sus clientes el alquiler de un plat\u00f3 profesional insonorizado (los \"Servicios\"). Nos tomamos muy en serio los intereses de privacidad y las elecciones de los individuos cuya informaci\u00f3n manejamos y mantenemos en nuestra base de datos. Esta Pol\u00edtica de Privacidad describe c\u00f3mo recogemos, utilizamos y gestionamos la informaci\u00f3n, y qu\u00e9 derechos tienen [&hellip;]<\/p>\n","protected":false},"author":1,"featured_media":0,"parent":0,"menu_order":0,"comment_status":"closed","ping_status":"open","template":"","meta":{"footnotes":""},"class_list":["post-3","page","type-page","status-publish","hentry"],"_links":{"self":[{"href":"https:\/\/edificio.297.studio\/en\/wp-json\/wp\/v2\/pages\/3","targetHints":{"allow":["GET"]}}],"collection":[{"href":"https:\/\/edificio.297.studio\/en\/wp-json\/wp\/v2\/pages"}],"about":[{"href":"https:\/\/edificio.297.studio\/en\/wp-json\/wp\/v2\/types\/page"}],"author":[{"embeddable":true,"href":"https:\/\/edificio.297.studio\/en\/wp-json\/wp\/v2\/users\/1"}],"replies":[{"embeddable":true,"href":"https:\/\/edificio.297.studio\/en\/wp-json\/wp\/v2\/comments?post=3"}],"version-history":[{"count":4,"href":"https:\/\/edificio.297.studio\/en\/wp-json\/wp\/v2\/pages\/3\/revisions"}],"predecessor-version":[{"id":138,"href":"https:\/\/edificio.297.studio\/en\/wp-json\/wp\/v2\/pages\/3\/revisions\/138"}],"wp:attachment":[{"href":"https:\/\/edificio.297.studio\/en\/wp-json\/wp\/v2\/media?parent=3"}],"curies":[{"name":"wp","href":"https:\/\/api.w.org\/{rel}","templated":true}]}}